{"id":141,"date":"2025-08-25T09:10:16","date_gmt":"2025-08-25T09:10:16","guid":{"rendered":"https:\/\/www.crosstechxperience.eu\/?page_id=141"},"modified":"2025-08-25T09:20:41","modified_gmt":"2025-08-25T09:20:41","slug":"politique-de-confidentialite-privacybeleid","status":"publish","type":"page","link":"https:\/\/crosstechxperience.eu\/nl\/politique-de-confidentialite-privacybeleid\/","title":{"rendered":"Privacybeleid"},"content":{"rendered":"<div class=\"wp-block-group alignwide has-global-padding is-content-justification-left is-layout-constrained wp-container-core-group-is-layout-12dd3699 wp-block-group-is-layout-constrained\">\n<h2 class=\"wp-block-heading has-text-align-left has-custom-color-1-color has-text-color has-link-color wp-elements-708d34366fb66fb416c9ce91e92f9162\"><strong>Politique de confidentialit\u00e9<\/strong><\/h2>\n\n\n\n<p class=\"has-text-align-left\"><br><strong>Inleiding<\/strong><br>Dit privacybeleid is van toepassing op de website van Creativ\u2019Up en legt uit hoe we de persoonlijke gegevens gebruiken die u verstrekt wanneer u onze website gebruikt.<\/p>\n\n\n\n<p><strong>Verantwoordelijke voor de verwerking<\/strong><br>De Umons, gevestigd te 20 Place du Parc, 7000 Mons, bereikbaar op&nbsp;<strong><a href=\"mailto:support@umons.ac.be\">support@umons.ac.be<\/a><\/strong>is verantwoordelijk voor de verwerking van persoonsgegevens.<\/p>\n\n\n\n<p><strong>Verzamelde gegevens<\/strong><br>Wij verzamelen de volgende gegevens:<br>Gegevens die u verstrekt via ons contactformulier (achternaam, voornaam, e-mail, bericht)<br>Browsergegevens verzameld door Google Analytics (bezochte pagina\u2019s, duur van het bezoek, geschatte locatie, gebruikt apparaat).<\/p>\n\n\n\n<p><strong>Doeleinden van verwerking<\/strong><br>Uw gegevens worden verzameld voor de volgende doeleinden<br>Beantwoorden van uw verzoeken via het contactformulier<br>De gebruikerservaring van onze site analyseren en verbeteren<br>Opstellen van bezoekersstatistieken<\/p>\n\n\n\n<p><strong>Wettelijke basis<\/strong><br>De verwerking van uw gegevens is gebaseerd op:<br>Uw toestemming voor het gebruik van Google Analytics<br>Gerechtvaardigd belang bij het verwerken van contactformuliergegevens<\/p>\n\n\n\n<p><strong>Ontvangers van de gegevens<\/strong><br>Uw gegevens kunnen worden doorgegeven aan:<br>Google Analytics (voor browsinggegevens)<br><strong><br>Bewaartermijn<\/strong><br>Gegevens van contactformulieren worden [X] maanden bewaard. Analytics-gegevens worden [Y] maanden bewaard in Google Analytics.<\/p>\n\n\n\n<p><strong>Uw rechten<\/strong><br>U hebt het recht om uw gegevens in te zien, te rectificeren, te verwijderen, te beperken, over te dragen en bezwaar te maken. Om deze rechten uit te oefenen, kunt u contact met ons opnemen via&nbsp;<strong><a href=\"mailto:contact@crosstechxperience.eu\" data-type=\"mailto\" data-id=\"mailto:contact@crosstechxperience.eu\">contact@crosstechxperience.eu<\/a><\/strong>.<\/p>\n\n\n\n<p><strong>Cookies<\/strong><br>Onze site maakt gebruik van cookies, met name die van Google Analytics. U kunt deze uitschakelen in uw browserinstellingen.<\/p>\n\n\n\n<p><strong>Overdracht buiten de EU<\/strong><br>Gegevens verzameld door Google Analytics kunnen worden doorgegeven buiten de EU. Google zorgt voor een passend beschermingsniveau in overeenstemming met de GDPR.<\/p>\n\n\n\n<p><strong>Beveiliging<\/strong><br>We implementeren technische en organisatorische maatregelen om uw gegevens te beschermen<\/p>\n<\/div>","protected":false},"excerpt":{"rendered":"<p>Politique de confidentialit\u00e9 IntroductionCette politique de confidentialit\u00e9 s\u2019applique au site CrossTechXperience et explique comment nous utilisons les donn\u00e9es personnelles que vous nous fournissez lors de votre utilisation de notre site. Responsable du traitementL\u2019Umons, domicili\u00e9(e) \u00e0 20 Place du Parc, 7000 Mons, joignable \u00e0&nbsp;support@umons.ac.be, est responsable du traitement des donn\u00e9es personnelles. Donn\u00e9es collect\u00e9esNous collectons les donn\u00e9es [&hellip;]<\/p>","protected":false},"author":1,"featured_media":0,"parent":0,"menu_order":0,"comment_status":"closed","ping_status":"closed","template":"","meta":{"footnotes":""},"class_list":["post-141","page","type-page","status-publish","hentry"],"_links":{"self":[{"href":"https:\/\/crosstechxperience.eu\/nl\/wp-json\/wp\/v2\/pages\/141","targetHints":{"allow":["GET"]}}],"collection":[{"href":"https:\/\/crosstechxperience.eu\/nl\/wp-json\/wp\/v2\/pages"}],"about":[{"href":"https:\/\/crosstechxperience.eu\/nl\/wp-json\/wp\/v2\/types\/page"}],"author":[{"embeddable":true,"href":"https:\/\/crosstechxperience.eu\/nl\/wp-json\/wp\/v2\/users\/1"}],"replies":[{"embeddable":true,"href":"https:\/\/crosstechxperience.eu\/nl\/wp-json\/wp\/v2\/comments?post=141"}],"version-history":[{"count":3,"href":"https:\/\/crosstechxperience.eu\/nl\/wp-json\/wp\/v2\/pages\/141\/revisions"}],"predecessor-version":[{"id":146,"href":"https:\/\/crosstechxperience.eu\/nl\/wp-json\/wp\/v2\/pages\/141\/revisions\/146"}],"wp:attachment":[{"href":"https:\/\/crosstechxperience.eu\/nl\/wp-json\/wp\/v2\/media?parent=141"}],"curies":[{"name":"wp","href":"https:\/\/api.w.org\/{rel}","templated":true}]}}